{"id":2037,"date":"2020-04-16T14:25:24","date_gmt":"2020-04-16T14:25:24","guid":{"rendered":"https:\/\/ascensoresabando.com\/desarrollo\/politica-de-cookies\/"},"modified":"2021-06-15T08:28:55","modified_gmt":"2021-06-15T08:28:55","slug":"cookien-politika","status":"publish","type":"page","link":"https:\/\/ascensoresabando.com\/eu\/cookien-politika\/","title":{"rendered":"Cookie-n politika"},"content":{"rendered":"\r\n<p>&nbsp;<\/p>\r\n<h3 class=\"wp-block-heading\"><strong>\u00bfQu\u00e9 es una Cookie?<\/strong><\/h3>\r\n<p>Una Cookie es un peque\u00f1o fichero de texto que un sitio web coloca en su PC, tel\u00e9fono o cualquier otro dispositivo, con informaci\u00f3n sobre su navegaci\u00f3n en dicho sitio. Las Cookies son necesarias para facilitar la navegaci\u00f3n y hacerla m\u00e1s amigable.<\/p>\r\n<p>Si bien en la presente pol\u00edtica se utiliza el termino general de \u201cCookie\u201d, pues es el principal m\u00e9todo de almacenamiento de informaci\u00f3n que utiliza este sitio web, tambi\u00e9n es utilizado el espacio de \u201cAlmacenamiento local\u201d del navegador para los mismos prop\u00f3sitos que las Cookies. En este sentido, toda la informaci\u00f3n incluida en esta secci\u00f3n es aplicable igualmente a este \u201cAlmacenamiento local\u201d.<\/p>\r\n<p>&nbsp;<\/p>\r\n<h3>\u00a0<strong>\u00bfPara qu\u00e9 se utilizan las Cookies en este sitio web?<\/strong><\/h3>\r\n<p>Las Cookies son una parte esencial de c\u00f3mo funciona nuestro sitio web. El objetivo principal de nuestras Cookies es mejorar su experiencia en la navegaci\u00f3n. Por ejemplo, son utilizadas para recordar sus preferencias durante la navegaci\u00f3n y en futuras visitas.<\/p>\r\n<p>La informaci\u00f3n recogida en las Cookies nos permite, adem\u00e1s, mejorar la web mediante estimaciones sobre n\u00fameros y patrones de uso, la adaptaci\u00f3n del sitio web a los intereses individuales de los usuarios, la aceleraci\u00f3n de las b\u00fasquedas, etc.<\/p>\r\n<p><strong>\u00a0<\/strong><\/p>\r\n<h3><strong>\u00bfQui\u00e9n utiliza la informaci\u00f3n almacenada en las Cookies? <\/strong><\/h3>\r\n<p>La informaci\u00f3n almacenada en las Cookies de nuestro sitio web es utilizada exclusivamente por nosotros, a excepci\u00f3n de aquellas identificadas m\u00e1s adelante como \u201cCookies de terceros\u201d, que son utilizadas y gestionadas por entidades externas para proporcionarnos servicios solicitados por nosotros para mejorar nuestros servicios y la experiencia del usuario al navegar en nuestro sitio web.<\/p>\r\n<p>&nbsp;<\/p>\r\n<h3><strong>\u00bfC\u00f3mo puedo evitar el uso de Cookies en este sitio web?<\/strong><\/h3>\r\n<p>\u00a0Si usted prefiere evitar el uso de Cookies en esta p\u00e1gina teniendo en cuenta las limitaciones anteriores debe, en primer lugar, deshabilitar en su navegador el uso de Cookies y, en segundo lugar, eliminar las Cookies guardadas en su navegador asociadas a este sitio web.<\/p>\r\n<p>Esta posibilidad de evitar el uso de Cookies puede ser llevada a cabo por usted en cualquier momento.<\/p>\r\n<p><strong>\u00a0<\/strong><\/p>\r\n<h3><strong>\u00bfC\u00f3mo modifico la Pol\u00edtica de Cookies?<\/strong><\/h3>\r\n<p>Puede cambiar sus preferencias en relaci\u00f3n a las cookies anal\u00edticas mediante las opciones habilitar\/deshabilitar. El Usuario puede permitir o bloquear las cookies, as\u00ed como borrar sus datos de navegaci\u00f3n (incluidas las cookies) desde el navegador que utiliza. Para ello, puede visitar las siguientes p\u00e1ginas dependiendo del navegador utilizado:<\/p>\r\n<ul>\r\n<li>FireFox:\u00a0<a href=\"https:\/\/support.mozilla.org\/es\/kb\/Borrar%20cookies\">HTTPS:\/\/SUPPORT.MOZILLA.ORG\/ES\/KB\/BORRAR%20COOKIES<\/a><\/li>\r\n<li>Chrome:\u00a0<a href=\"https:\/\/support.google.com\/chrome\/answer\/95647?hl=es\">HTTPS:\/\/SUPPORT.GOOGLE.COM\/CHROME\/ANSWER\/95647?HL=ES<\/a><\/li>\r\n<li>Safari:\u00a0<a href=\"https:\/\/support.apple.com\/es-es\/HT201265\">HTTPS:\/\/SUPPORT.APPLE.COM\/ES-ES\/HT201265<\/a><\/li>\r\n<li>Microsoft Edge:\u00a0<a href=\"https:\/\/support.microsoft.com\/es-es\/help\/4468242\/microsoft-edge-browsing-data-and-privacy-microsoft-privacy\">HTTPS:\/\/SUPPORT.MICROSOFT.COM\/ES-ES\/HELP\/4468242\/MICROSOFT-EDGE-BROWSING-DATA-AND-PRIVACY-MICROSOFT-PRIVACY<\/a><\/li>\r\n<\/ul>\r\n<p>Internet Explorer:\u00a0<a href=\"https:\/\/support.microsoft.com\/es-es\/help\/17438\/windows-internet-explorer-view-delete-browsing-history\">HTTPS:\/\/SUPPORT.MICROSOFT.COM\/ES-ES\/HELP\/17438\/WINDOWS-INTERNET-EXPLORER-VIEW-DELETE-BROWSING-HISTORY<\/a><\/p>\r\n<p>&nbsp;<\/p>\r\n<p>&nbsp;<\/p>\r\n<p>&nbsp;<\/p>\r\n","protected":false},"excerpt":{"rendered":"<p>&nbsp; \u00bfQu\u00e9 es una Cookie? Una Cookie es un peque\u00f1o fichero de texto que un sitio web coloca en su PC, tel\u00e9fono o cualquier otro dispositivo,<span class=\"excerpt-hellip\"> [\u2026]<\/span><\/p>\n","protected":false},"author":1,"featured_media":0,"parent":0,"menu_order":0,"comment_status":"closed","ping_status":"closed","template":"","meta":{"footnotes":""},"class_list":["post-2037","page","type-page","status-publish","hentry"],"_links":{"self":[{"href":"https:\/\/ascensoresabando.com\/eu\/wp-json\/wp\/v2\/pages\/2037","targetHints":{"allow":["GET"]}}],"collection":[{"href":"https:\/\/ascensoresabando.com\/eu\/wp-json\/wp\/v2\/pages"}],"about":[{"href":"https:\/\/ascensoresabando.com\/eu\/wp-json\/wp\/v2\/types\/page"}],"author":[{"embeddable":true,"href":"https:\/\/ascensoresabando.com\/eu\/wp-json\/wp\/v2\/users\/1"}],"replies":[{"embeddable":true,"href":"https:\/\/ascensoresabando.com\/eu\/wp-json\/wp\/v2\/comments?post=2037"}],"version-history":[{"count":3,"href":"https:\/\/ascensoresabando.com\/eu\/wp-json\/wp\/v2\/pages\/2037\/revisions"}],"predecessor-version":[{"id":2886,"href":"https:\/\/ascensoresabando.com\/eu\/wp-json\/wp\/v2\/pages\/2037\/revisions\/2886"}],"wp:attachment":[{"href":"https:\/\/ascensoresabando.com\/eu\/wp-json\/wp\/v2\/media?parent=2037"}],"curies":[{"name":"wp","href":"https:\/\/api.w.org\/{rel}","templated":true}]}}